{"id":51,"date":"2022-08-19T16:18:15","date_gmt":"2022-08-19T14:18:15","guid":{"rendered":"https:\/\/www.medizinkarlsruhe.de\/?page_id=51"},"modified":"2025-09-22T11:31:44","modified_gmt":"2025-09-22T09:31:44","slug":"leistungen","status":"publish","type":"page","link":"https:\/\/www.medizinkarlsruhe.de\/?page_id=51","title":{"rendered":"Leistungen"},"content":{"rendered":"\t\t<div data-elementor-type=\"wp-page\" data-elementor-id=\"51\" class=\"elementor elementor-51\" data-elementor-post-type=\"page\">\n\t\t\t\t\t\t<section class=\"elementor-section elementor-top-section elementor-element elementor-element-ce9b24b elementor-section-boxed elementor-section-height-default elementor-section-height-default\" data-id=\"ce9b24b\" data-element_type=\"section\" data-e-type=\"section\">\n\t\t\t\t\t\t<div class=\"elementor-container elementor-column-gap-default\">\n\t\t\t\t\t<div class=\"elementor-column elementor-col-100 elementor-top-column elementor-element elementor-element-418ec08\" data-id=\"418ec08\" data-element_type=\"column\" data-e-type=\"column\">\n\t\t\t<div class=\"elementor-widget-wrap elementor-element-populated\">\n\t\t\t\t\t\t<div class=\"elementor-element elementor-element-fcbb760 elementor-widget elementor-widget-spacer\" data-id=\"fcbb760\" data-element_type=\"widget\" data-e-type=\"widget\" data-widget_type=\"spacer.default\">\n\t\t\t\t<div class=\"elementor-widget-container\">\n\t\t\t\t\t\t\t<div class=\"elementor-spacer\">\n\t\t\t<div class=\"elementor-spacer-inner\"><\/div>\n\t\t<\/div>\n\t\t\t\t\t\t<\/div>\n\t\t\t\t<\/div>\n\t\t\t\t\t<\/div>\n\t\t<\/div>\n\t\t\t\t\t<\/div>\n\t\t<\/section>\n\t\t\t\t<section class=\"elementor-section elementor-top-section elementor-element elementor-element-cf2b98b elementor-section-boxed elementor-section-height-default elementor-section-height-default\" data-id=\"cf2b98b\" data-element_type=\"section\" data-e-type=\"section\">\n\t\t\t\t\t\t<div class=\"elementor-container elementor-column-gap-default\">\n\t\t\t\t\t<div class=\"elementor-column elementor-col-100 elementor-top-column elementor-element elementor-element-b7bdb52\" data-id=\"b7bdb52\" data-element_type=\"column\" data-e-type=\"column\">\n\t\t\t<div class=\"elementor-widget-wrap elementor-element-populated\">\n\t\t\t\t\t\t<div class=\"elementor-element elementor-element-a20fa77 elementor-widget elementor-widget-heading\" data-id=\"a20fa77\" data-element_type=\"widget\" data-e-type=\"widget\" data-widget_type=\"heading.default\">\n\t\t\t\t<div class=\"elementor-widget-container\">\n\t\t\t\t\t<h2 class=\"elementor-heading-title elementor-size-default\">Leistungen<\/h2>\t\t\t\t<\/div>\n\t\t\t\t<\/div>\n\t\t\t\t\t<\/div>\n\t\t<\/div>\n\t\t\t\t\t<\/div>\n\t\t<\/section>\n\t\t\t\t<section class=\"elementor-section elementor-top-section elementor-element elementor-element-2f07364 elementor-section-boxed elementor-section-height-default elementor-section-height-default\" data-id=\"2f07364\" data-element_type=\"section\" data-e-type=\"section\">\n\t\t\t\t\t\t<div class=\"elementor-container elementor-column-gap-default\">\n\t\t\t\t\t<div class=\"elementor-column elementor-col-100 elementor-top-column elementor-element elementor-element-323fd77\" data-id=\"323fd77\" data-element_type=\"column\" data-e-type=\"column\">\n\t\t\t<div class=\"elementor-widget-wrap elementor-element-populated\">\n\t\t\t\t\t\t<div class=\"elementor-element elementor-element-e6882bc elementor-widget elementor-widget-spacer\" data-id=\"e6882bc\" data-element_type=\"widget\" data-e-type=\"widget\" data-widget_type=\"spacer.default\">\n\t\t\t\t<div class=\"elementor-widget-container\">\n\t\t\t\t\t\t\t<div class=\"elementor-spacer\">\n\t\t\t<div class=\"elementor-spacer-inner\"><\/div>\n\t\t<\/div>\n\t\t\t\t\t\t<\/div>\n\t\t\t\t<\/div>\n\t\t\t\t\t<\/div>\n\t\t<\/div>\n\t\t\t\t\t<\/div>\n\t\t<\/section>\n\t\t\t\t<section class=\"elementor-section elementor-top-section elementor-element elementor-element-174166c elementor-section-boxed elementor-section-height-default elementor-section-height-default\" data-id=\"174166c\" data-element_type=\"section\" data-e-type=\"section\">\n\t\t\t\t\t\t<div class=\"elementor-container elementor-column-gap-default\">\n\t\t\t\t\t<div class=\"elementor-column elementor-col-25 elementor-top-column elementor-element elementor-element-d76d284\" data-id=\"d76d284\" data-element_type=\"column\" data-e-type=\"column\">\n\t\t\t<div class=\"elementor-widget-wrap\">\n\t\t\t\t\t\t\t<\/div>\n\t\t<\/div>\n\t\t\t\t<div class=\"elementor-column elementor-col-50 elementor-top-column elementor-element elementor-element-6de0ab5\" data-id=\"6de0ab5\" data-element_type=\"column\" data-e-type=\"column\">\n\t\t\t<div class=\"elementor-widget-wrap elementor-element-populated\">\n\t\t\t\t\t\t<div class=\"elementor-element elementor-element-fe44dec elementor-widget elementor-widget-text-editor\" data-id=\"fe44dec\" data-element_type=\"widget\" data-e-type=\"widget\" data-widget_type=\"text-editor.default\">\n\t\t\t\t<div class=\"elementor-widget-container\">\n\t\t\t\t\t\t\t\t\t<p><strong>Haus\u00e4rztliche\/ allgemeinmedizinische und fach\u00e4rztliche internistische, gastroenterologische, diabetologische und sportmedizinische Betreuung <\/strong><\/p>\n<p>(<b>Endoskopien wie Magen- oder Darmspiegelungen<\/b>, bieten wir aktuell nicht an)<\/p>\n<p><strong>K\u00f6rperliche Untersuchungen <br><\/strong><\/p>\n<p><strong>&nbsp;<\/strong><\/p>\n<p><strong>Psychosomatische Grundversorgung <\/strong>(durch alle unsere \u00c4rztinnen und \u00c4rzte)<\/p>\n<p><a href=\"http:\/\/medizinkarlsruhe.de\/#psycho\"><strong>Psychotherapie <\/strong><\/a>(Fr. Dr. Eiserman, Medizinkarlsruhe\/ Praxis Weststadt)<\/p>\n<p><strong>Blutentnahmen und s\u00e4mtliche Laboruntersuchungen, Urin und Stuhl-Untersuchungen <\/strong><\/p>\n<p><strong>&nbsp;<\/strong><\/p>\n<p><strong>Vorsorgeuntersuchungen\/ Gesundheits-Checks: <\/strong><\/p>\n<p>&nbsp;&nbsp;&nbsp;&nbsp; <span style=\"text-decoration: underline;\">F\u00fcr gesetzliche Versicherte ist der Leistungsumfang an Vorsorgeuntersuchungen wie folgt:<\/span><\/p>\n<ul>\n<li><strong>Gesundheitsuntersuchung (Check-up)<\/strong> einmalig zwischen 18-35 Jahren und alle 3 Jahre ab 35 Jahren<br>Der Gesundheits-Check umfasst eine komplette k\u00f6rperliche Untersuchung. <br>F\u00fcr Menschen unter 35 zahlen die Krankenkassen hierf\u00fcr keine Laborleistungen (dies ist als Selbstzahlerleistung m\u00f6glich). <br>F\u00fcr Menschen \u00fcber 35 geh\u00f6ren folgende Laborleistungen zum Kassen-Leistungsumfang: Urinschnelltest, Blutfette (Cholesterin), Blutzucker. Weitere Laboruntersuchungen sind als Selbstzahlerleistung m\u00f6glich.<\/li>\n<li><strong>Hautkrebs-Vorsorgeuntersuchung<\/strong> ab dem 35. Lebensjahr, alle 2 Jahre<\/li>\n<li><strong>Krebsvorsorgeuntersuchung f\u00fcr M\u00e4nner<\/strong> (Hoden- und Prostatakrebs) j\u00e4hrlich ab dem 45. Lebensjahr<\/li>\n<li><strong>Darmkrebsvorsorge<\/strong> mittels Test auf Blut im Stuhl ab dem 50. Lebensjahr<\/li>\n<li><strong>Vorsorgeuntersuchung gegen Fehlbildungen der Bauchschlagader (Bauchaorten-Aneurysma)<\/strong> mittels Ultraschall f\u00fcr M\u00e4nner ab dem 65. Lebensjahr<\/li>\n<\/ul>\n<p>&nbsp;&nbsp;&nbsp;&nbsp; <span style=\"text-decoration: underline;\">F\u00fcr privat Versicherte und Selbstzahler bieten wir dar\u00fcber hinaus an:<\/span><\/p>\n<ul>\n<li><strong>J\u00e4hrliche Gesundheitsuntersuchungen, nach Wunsch bis hin zum Komplett-Check<\/strong> mit Blutentnahme und gro\u00dfem Labor und Ultraschallvorsorge (Bauch\/ Herz\/ Halsgef\u00e4\u00dfe\/ Leber\/ Schilddr\u00fcse), Belastungs-EKG und Lungenfunktionspr\u00fcfung\n<p><a href=\"https:\/\/www.medizinkarlsruhe.de\/?page_id=1908\"><span style=\"color: #0000ff;\">F\u00fcr weitere Informationen \u00fcber unsere Vorsorgeuntersuchungen f\u00fcr Privatversicherte und Selbstzahler klicken Sie bitte hier.<\/span> <\/a><\/p>\n<\/li>\n<\/ul>\n<p><strong>&nbsp;<\/strong><\/p>\n<p><strong>Strukturierte Behandlungsprogramme f\u00fcr chronischen Erkrankungen\/ DMP (Disease management Programme) <\/strong><\/p>\n<ul>\n<li>Diabetes mellitus Typ 2 (f\u00fcr Diabetes Typ 1 wenden sie sich an einen spezialisierten Diabetologen)<\/li>\n<li>Asthma bronchiale<\/li>\n<li>Koronare Herzerkrankung\/ KHK<\/li>\n<li>Chronisch Obstruktive Lungenerkrankung\/ COPD<\/li>\n<\/ul>\n<p><strong>&nbsp;<\/strong><\/p>\n<p><strong>Atteste und medizinische Gutachten <\/strong><\/p>\n<p><strong>&nbsp;<\/strong><\/p>\n<p><strong>Untersuchung f\u00fcr Versicherungen<\/strong> (Selbstzahlerleistung)<\/p>\n<p><strong>&nbsp;<\/strong><\/p>\n<p><strong>Untersuchungen f\u00fcr F\u00fchrerscheine&nbsp; <\/strong>(Selbstzahlerleistung)<\/p>\n<p>\u00c4rztliche Untersuchung \u00fcber die k\u00f6rperliche Eignung f\u00fcr Bewerbern um die Erteilung oder <strong>Verl\u00e4ngerung einer Fahrerlaubnis der Klassen C, C1, CE, C1E, D, D1, DE, D1E<\/strong> oder der Fahrerlaubnis zur&nbsp; Fahrgastbef\u00f6rderung f\u00fcr Taxen, Mietwagen,&nbsp; Krankenkraftwagen oder Personenkraftwagen im Linienverkehr oder bei gewerbsm\u00e4\u00dfigen Ausflugsfahrten oder Ferienziel-Reisen nach \u00a7 11 Abs. 9 und \u00a7 48 Abs. 4 und 5 der <strong>Fahrerlaubnis-Verordnung<\/strong><br>(Wir weisen darauf hin, dass weiterhin eine <strong>augen\u00e4rztliche Beurteilung<\/strong> der Sehf\u00e4higkeit Voraussetzung zur Fahrerlaubniserteilung oder -Verl\u00e4ngerung ist. Dies ist in unserer Untersuchung nicht enthalten &#8211; wenden Sie sich hierzu an einen Augenarzt.F\u00fcr Busfahrer ist bei Erstuntersuchung und ab dem 50. Lebensjahr und f\u00fcr Taxifahrer bei Erstuntersuchung und ab dem 60. Lebensjahr ein <strong>psychometrischer Test<\/strong> vorgeschrieben (Reaktionstest) \u2013 dieser ist in unserer Untersuchung nicht enthalten \u2013 wenden Sie sich hierzu an einen Verkehrsmediziner.)<\/p>\n<p><strong>&nbsp;<\/strong><\/p>\n<p><strong>Beamtenanw\u00e4rteruntersuchung <\/strong>(Selbstzahlerleistung)<\/p>\n<p><strong>Jugendarbeitsschutzuntersuchung <br><\/strong><\/p>\n<p><strong>&nbsp;<\/strong><\/p>\n<p><strong>Sporttauglichkeitsuntersuchungen <\/strong>(Selbstzahlerleistungen):<\/p>\n<ul>\n<li>Allgemeine <strong>Sporttauglichkeit<\/strong> (Radsport, Marathon, etc.)<\/li>\n<li><strong>Sportbootf\u00fchrerschein<\/strong>-Untersuchung<\/li>\n<li><strong>Tauchsportuntersuchung<\/strong>, auf Wunsch gem\u00e4\u00df den Empfehlungen der Gesellschaft f\u00fcr Tauch- und \u00dcberdruckmedizin e.V. (GT\u00dcM) und der \u00d6sterreichischen Gesellschaft f\u00fcr Tauch- und Hyperbarmedizin (\u00d6GTH).<\/li>\n<li><strong>Fallschirmspringer-Untersuchung <\/strong><\/li>\n<\/ul>\n<p><strong>&nbsp;<\/strong><\/p>\n<p><strong>Infusions- und Aufbaukuren <br><\/strong><\/p>\n<p><strong>&nbsp;<\/strong><\/p>\n<p><strong>Apparative Untersuchungen:<\/strong><\/p>\n<ul>\n<li>Ruhe-EKG<\/li>\n<li>Langzeit-EKG (mit Herzfrequenzvariabilit\u00e4tsmessung &#8211; zum Einblick in das vegetative Nervensystem)<\/li>\n<li>Fahrrad-Ergometrie\/ Belastungs- EKG<\/li>\n<li>Langzeit-Blutdruckmessung<\/li>\n<li>Spirometrie\/ Lungenfunktionspr\u00fcfung (LUFU)<\/li>\n<li>Doppleruntersuchung der peripheren Blutgef\u00e4\u00dfe (pAVK Screening)<\/li>\n<li>Tonschwellenaudiometrie\/ H\u00f6rtest<\/li>\n<li>Sehtest<\/li>\n<li>Gesichsfeldmessung\/ Perimetrie<\/li>\n<\/ul>\n<p><strong>&nbsp;<\/strong><\/p>\n<p><strong>Sonografie\/ Ultraschalluntersuchung von:<\/strong><\/p>\n<ul>\n<li>Schilddr\u00fcse<\/li>\n<li>Abdomen (Bauchorgane, z.B. Nieren, Bauchspeicheldr\u00fcse, Milz, Bauchschlagader, Darm)<\/li>\n<li>Leber-Elastographie (<a href=\"https:\/\/www.medizinkarlsruhe.de\/?page_id=1908\"><span style=\"color: #0000ff;\">Spezial-Untersuchung auf Vorhandensein einer Fettleber oder einer Leberzirrhose<\/span><\/a>)<\/li>\n<li>Herz (Echokardiographie)<\/li>\n<li>Halsgef\u00e4\u00dfe (Carotis-Duplex)<\/li>\n<li>Kontrasmittelultraschall<\/li>\n<\/ul>\n<p><strong>&nbsp;<\/strong><\/p>\n<p><strong>Hausbesuche <\/strong>(nach vorheriger \u00e4rztlicher Absprache)<strong> f\u00fcr immobile\/ bettl\u00e4gerige Patienten in Rintheim und der Oststadt.<br><\/strong><\/p>\n<p><strong>&nbsp;<\/strong><\/p>\n<p><strong>Pflegeheimbetreuung (nach vorheriger Anmeldung und \u00e4rztlicher R\u00fccksprache!)<br><\/strong><\/p>\n<ul>\n<li>ASB Pflegeheim <strong>Seniorenresidenz am Ostring<\/strong><\/li>\n<li>Mehrgenerationenhaus <strong>Alte M\u00e4lzerei<\/strong> der Heimstiftung Karlsruhe (im gleichen Geb\u00e4ude wie die Medizinkarlsruhe\/ Praxis Oststadt), Haid- und-Neu-Stra\u00dfe 32, Oststadt<\/li>\n<li><strong>Kretschmar-Huber-Haus<\/strong>, Hagsfeld<\/li>\n<li><strong>HWK Wohnheim Julius-Bender-Stra\u00dfe<\/strong>, Hagsfeld<\/li>\n<li><strong>HWK Wohnheim Gerwigstra\u00dfe 44<\/strong>, Oststadt<\/li>\n<\/ul>\n<div><span style=\"color: #ff0000;\">Wichtig: Wir \u00fcbernehmen aus Kapazit\u00e4tsgr\u00fcnden KEINE Betreuung von Patienten in anderen als den oben genannten Pflegeheimen bzw. Pflegeeinrichtungen.<\/span><\/div>\n<div><span style=\"color: #ff0000;\">Wir \u00fcbernehmen KEINE Betreuung von Patienten in <strong>Pflege-Wohngemeinschaften\/ Pflege-WGs<\/strong> (von ambulanten Pflegediensten betriebene Wohngemeinschaften), da hier die pflegerische Betreuung nicht dem Standard von Pflegeheimen entspricht und wir die \u00e4rztliche Verantwortung hierf\u00fcr nicht \u00fcbernehmen k\u00f6nnen.<\/span><\/div>\n<p><strong>Impfberatung\/ Impfcheck aller allgemein empfohlener Impfungen<br><\/strong>Durchf\u00fchrung aller erforderlichen Impfungen<br>(z.B. Tetanus, Diphterie, Keuchhusten, Polio, FSME, Corona, Grippe, Mumps-Masern-R\u00f6teln, etc.)<\/p>\n<p><strong>&nbsp;<\/strong><\/p>\n<p><strong>Reisemedizinische Beratung und Reiseimpfungen\/ ze<\/strong><strong><strong>rtifizierte Gelbfieberimpfstelle <\/strong><\/strong>(Selbstzahlerleistung)<strong><strong><br><\/strong><\/strong>Wir beraten Sie gerne ausf\u00fchrlich anhand Ihrer Reisepl\u00e4ne, was Reiseimpfungen, Reiseapotheke und Malariaprophylaxe angeht.<br>Bitte beachten Sie: Wir haben Gelbfieberimpfstoff und auch andere Reiseimpfungen nicht in der Praxis vorr\u00e4tig. Sie erhalten von uns nach der Beratung Privatrezepte f\u00fcr die Impfstoffe. Diese k\u00f6nnen Sie dann in der Apotheke kaufen und damit in die Praxis kommen, wo wir Ihnen die Impfungen verabreichen.<br>Die Rechnung \u00fcber den Impfstoff und unsere Beratungsrechnung k\u00f6nnen Sie Ihrer Krankenkasse einreichen. Die meisten Krankenkassen erstatten Reiseimpfungen bis zu einem bestimmten H\u00f6chstbetrag im Jahr. Bitte erkundigen Sie sich bei Ihrer Krankenversicherung \u00fcber die Erstattungsm\u00f6glichkeiten.<br>Falls Sie die Gelbfieberimpfung oder andere Reiseimpfungen zeitnah brauchen, empfehlen wir Ihnen, den Impfstoff (eine Dosis STAMARIL<!-- [if gte mso 9]><xml><br \/> <o:OfficeDocumentSettings><br \/>  <o:RelyOnVML\/><br \/>  <o:AllowPNG\/><br \/> <\/o:OfficeDocumentSettings><br \/><\/xml><![endif]--><span style=\"font-size: 8.0pt; font-family: 'Arial',sans-serif; mso-fareast-font-family: 'Times New Roman'; mso-ansi-language: DE; mso-fareast-language: DE; mso-bidi-language: AR-SA;\">\u00ae<\/span>)so fr\u00fch wie m\u00f6glich in der Apotheke Ihrer Wahl zu reservieren!<\/p>\t\t\t\t\t\t\t\t<\/div>\n\t\t\t\t<\/div>\n\t\t\t\t\t<\/div>\n\t\t<\/div>\n\t\t\t\t<div class=\"elementor-column elementor-col-25 elementor-top-column elementor-element elementor-element-6ba9c1a\" data-id=\"6ba9c1a\" data-element_type=\"column\" data-e-type=\"column\">\n\t\t\t<div class=\"elementor-widget-wrap\">\n\t\t\t\t\t\t\t<\/div>\n\t\t<\/div>\n\t\t\t\t\t<\/div>\n\t\t<\/section>\n\t\t\t\t<section class=\"elementor-section elementor-top-section elementor-element elementor-element-fab76f2 elementor-section-boxed elementor-section-height-default elementor-section-height-default\" data-id=\"fab76f2\" data-element_type=\"section\" data-e-type=\"section\">\n\t\t\t\t\t\t<div class=\"elementor-container elementor-column-gap-default\">\n\t\t\t\t\t<div class=\"elementor-column elementor-col-100 elementor-top-column elementor-element elementor-element-7f3f482\" data-id=\"7f3f482\" data-element_type=\"column\" data-e-type=\"column\">\n\t\t\t<div class=\"elementor-widget-wrap elementor-element-populated\">\n\t\t\t\t\t\t<div class=\"elementor-element elementor-element-ec32c6d elementor-widget elementor-widget-spacer\" data-id=\"ec32c6d\" data-element_type=\"widget\" data-e-type=\"widget\" data-widget_type=\"spacer.default\">\n\t\t\t\t<div class=\"elementor-widget-container\">\n\t\t\t\t\t\t\t<div class=\"elementor-spacer\">\n\t\t\t<div class=\"elementor-spacer-inner\"><\/div>\n\t\t<\/div>\n\t\t\t\t\t\t<\/div>\n\t\t\t\t<\/div>\n\t\t\t\t\t<\/div>\n\t\t<\/div>\n\t\t\t\t\t<\/div>\n\t\t<\/section>\n\t\t\t\t<\/div>\n\t\t","protected":false},"excerpt":{"rendered":"<p>Leistungen Haus\u00e4rztliche\/ allgemeinmedizinische und fach\u00e4rztliche internistische, gastroenterologische, diabetologische und sportmedizinische Betreuung (Endoskopien wie Magen- oder Darmspiegelungen, bieten wir aktuell nicht an) K\u00f6rperliche Untersuchungen &nbsp; Psychosomatische Grundversorgung (durch alle unsere \u00c4rztinnen und \u00c4rzte) Psychotherapie (Fr. Dr. Eiserman, Medizinkarlsruhe\/ Praxis Weststadt) Blutentnahmen und s\u00e4mtliche Laboruntersuchungen, Urin und Stuhl-Untersuchungen &nbsp; Vorsorgeuntersuchungen\/ Gesundheits-Checks: &nbsp;&nbsp;&nbsp;&nbsp; F\u00fcr gesetzliche Versicherte ist der [&hellip;]<\/p>\n","protected":false},"author":4,"featured_media":0,"parent":0,"menu_order":0,"comment_status":"closed","ping_status":"closed","template":"","meta":{"ocean_post_layout":"full-screen","ocean_both_sidebars_style":"","ocean_both_sidebars_content_width":0,"ocean_both_sidebars_sidebars_width":0,"ocean_sidebar":"0","ocean_second_sidebar":"0","ocean_disable_margins":"enable","ocean_add_body_class":"","ocean_shortcode_before_top_bar":"","ocean_shortcode_after_top_bar":"","ocean_shortcode_before_header":"","ocean_shortcode_after_header":"","ocean_has_shortcode":"","ocean_shortcode_after_title":"","ocean_shortcode_before_footer_widgets":"","ocean_shortcode_after_footer_widgets":"","ocean_shortcode_before_footer_bottom":"","ocean_shortcode_after_footer_bottom":"","ocean_display_top_bar":"default","ocean_display_header":"default","ocean_header_style":"","ocean_center_header_left_menu":"0","ocean_custom_header_template":"0","ocean_custom_logo":0,"ocean_custom_retina_logo":0,"ocean_custom_logo_max_width":0,"ocean_custom_logo_tablet_max_width":0,"ocean_custom_logo_mobile_max_width":0,"ocean_custom_logo_max_height":0,"ocean_custom_logo_tablet_max_height":0,"ocean_custom_logo_mobile_max_height":0,"ocean_header_custom_menu":"0","ocean_menu_typo_font_family":"0","ocean_menu_typo_font_subset":"","ocean_menu_typo_font_size":0,"ocean_menu_typo_font_size_tablet":0,"ocean_menu_typo_font_size_mobile":0,"ocean_menu_typo_font_size_unit":"px","ocean_menu_typo_font_weight":"","ocean_menu_typo_font_weight_tablet":"","ocean_menu_typo_font_weight_mobile":"","ocean_menu_typo_transform":"","ocean_menu_typo_transform_tablet":"","ocean_menu_typo_transform_mobile":"","ocean_menu_typo_line_height":0,"ocean_menu_typo_line_height_tablet":0,"ocean_menu_typo_line_height_mobile":0,"ocean_menu_typo_line_height_unit":"","ocean_menu_typo_spacing":0,"ocean_menu_typo_spacing_tablet":0,"ocean_menu_typo_spacing_mobile":0,"ocean_menu_typo_spacing_unit":"","ocean_menu_link_color":"","ocean_menu_link_color_hover":"","ocean_menu_link_color_active":"","ocean_menu_link_background":"","ocean_menu_link_hover_background":"","ocean_menu_link_active_background":"","ocean_menu_social_links_bg":"","ocean_menu_social_hover_links_bg":"","ocean_menu_social_links_color":"","ocean_menu_social_hover_links_color":"","ocean_disable_title":"on","ocean_disable_heading":"default","ocean_post_title":"","ocean_post_subheading":"","ocean_post_title_style":"","ocean_post_title_background_color":"","ocean_post_title_background":0,"ocean_post_title_bg_image_position":"","ocean_post_title_bg_image_attachment":"","ocean_post_title_bg_image_repeat":"","ocean_post_title_bg_image_size":"","ocean_post_title_height":0,"ocean_post_title_bg_overlay":0.5,"ocean_post_title_bg_overlay_color":"","ocean_disable_breadcrumbs":"default","ocean_breadcrumbs_color":"","ocean_breadcrumbs_separator_color":"","ocean_breadcrumbs_links_color":"","ocean_breadcrumbs_links_hover_color":"","ocean_display_footer_widgets":"default","ocean_display_footer_bottom":"default","ocean_custom_footer_template":"0","footnotes":""},"class_list":["post-51","page","type-page","status-publish","hentry","entry"],"_links":{"self":[{"href":"https:\/\/www.medizinkarlsruhe.de\/index.php?rest_route=\/wp\/v2\/pages\/51","targetHints":{"allow":["GET"]}}],"collection":[{"href":"https:\/\/www.medizinkarlsruhe.de\/index.php?rest_route=\/wp\/v2\/pages"}],"about":[{"href":"https:\/\/www.medizinkarlsruhe.de\/index.php?rest_route=\/wp\/v2\/types\/page"}],"author":[{"embeddable":true,"href":"https:\/\/www.medizinkarlsruhe.de\/index.php?rest_route=\/wp\/v2\/users\/4"}],"replies":[{"embeddable":true,"href":"https:\/\/www.medizinkarlsruhe.de\/index.php?rest_route=%2Fwp%2Fv2%2Fcomments&post=51"}],"version-history":[{"count":94,"href":"https:\/\/www.medizinkarlsruhe.de\/index.php?rest_route=\/wp\/v2\/pages\/51\/revisions"}],"predecessor-version":[{"id":8545,"href":"https:\/\/www.medizinkarlsruhe.de\/index.php?rest_route=\/wp\/v2\/pages\/51\/revisions\/8545"}],"wp:attachment":[{"href":"https:\/\/www.medizinkarlsruhe.de\/index.php?rest_route=%2Fwp%2Fv2%2Fmedia&parent=51"}],"curies":[{"name":"wp","href":"https:\/\/api.w.org\/{rel}","templated":true}]}}